{"id":439,"date":"2018-10-09T07:00:27","date_gmt":"2018-10-09T07:00:27","guid":{"rendered":"https:\/\/arenossa.novanet.com.es\/?post_type=product&#038;p=439"},"modified":"2019-09-16T18:32:12","modified_gmt":"2019-09-16T18:32:12","slug":"tonometros-y-diapasones","status":"publish","type":"product","link":"https:\/\/arenos.es\/?product=tonometros-y-diapasones","title":{"rendered":"Ton\u00f3metro ocular para la medici\u00f3n de la presi\u00f3n intraocular"},"content":{"rendered":"","protected":false},"excerpt":{"rendered":"","protected":false},"featured_media":1027,"template":"","meta":[],"_links":{"self":[{"href":"https:\/\/arenos.es\/index.php?rest_route=\/wp\/v2\/product\/439"}],"collection":[{"href":"https:\/\/arenos.es\/index.php?rest_route=\/wp\/v2\/product"}],"about":[{"href":"https:\/\/arenos.es\/index.php?rest_route=\/wp\/v2\/types\/product"}],"wp:featuredmedia":[{"embeddable":true,"href":"https:\/\/arenos.es\/index.php?rest_route=\/wp\/v2\/media\/1027"}],"wp:attachment":[{"href":"https:\/\/arenos.es\/index.php?rest_route=%2Fwp%2Fv2%2Fmedia&parent=439"}],"curies":[{"name":"wp","href":"https:\/\/api.w.org\/{rel}","templated":true}]}}