{"id":524,"date":"2018-10-09T09:44:23","date_gmt":"2018-10-09T09:44:23","guid":{"rendered":"https:\/\/arenossa.novanet.com.es\/?page_id=524"},"modified":"2018-10-10T09:44:52","modified_gmt":"2018-10-10T09:44:52","slug":"importacion-y-comercializacion-de-toda-clase-de-productos-y-aparatos-medicos","status":"publish","type":"page","link":"https:\/\/arenos.es\/?page_id=524","title":{"rendered":"Importaci\u00f3n y comercializaci\u00f3n de toda clase de productos y aparatos m\u00e9dicos"},"content":{"rendered":"\n<h2>Aviso Legal<\/h2>\n\n\n\n<h4><em>PROPIEDAD INTELECTUAL<\/em><br\/><\/h4>\n\n\n\n<blockquote class=\"wp-block-quote\"><p>Todos los contenidos, elementos e informaci\u00f3n a los que el usuario pueda acceder a trav\u00e9s del portal est\u00e1n sujetos a derechos de propiedad industrial e intelectual a favor de ARE\u00d1OS, S.A. <br\/>El acceso a dichos contenidos o elementos a trav\u00e9s del los servicios del portal no otorga al cliente el derecho de alteraci\u00f3n, modificaci\u00f3n, explotaci\u00f3n, reproducci\u00f3n, distribuci\u00f3n o comunicaci\u00f3n p\u00fablica o cualquier otro derecho que corresponda al titular del derecho afectado.<br\/>El usuario, unica y exclusivamente, puede utilizar el material que aparezca en este sitio web para su uso personal y privado, quedando prohibido su uso con fines comerciales o para incurrir en actividades il\u00edcitas.<\/p><\/blockquote>\n\n\n\n<h4><em>PROTECCI\u00d3N DE DATOS DE CAR\u00c1CTER GENERAL<\/em><\/h4>\n\n\n\n<blockquote class=\"wp-block-quote\"><p>En el marco del \n  cumplimiento de la legislaci\u00f3n vigente, recogida en la Ley Org\u00e1nica 15\/1999, \n  de 13 de diciembre, sobre Protecci\u00f3n de Datos de Car\u00e1cter Personal ( LOPD ), \n  cuyo objeto es garantizar y proteger, en lo que concierne al tratamiento de \n  los datos personales, las libertades y derechos fundamentales de las personas \n  f\u00edsicas, y especialmente de su honor e intimidad personal, ARE\u00d1OS, S.A. \n  informa a los usuarios de que ARE\u00d1OS,SA han adoptado las medidas t\u00e9cnicas y \n  organizativas conforme a lo dispuesto en la nomativa vigente.<\/p><\/blockquote>\n\n\n\n<blockquote class=\"wp-block-quote\"><p>Los Datos ce \n  Car\u00e1cter Personal que en su caso recoja o pueda recoger ARE\u00d1OS,S A. ser\u00e1n \n  objeto de tratamiento automatizado y se incorporar\u00e1n debidamente registrados \n  en al Agencia de Protecci\u00f3n de Datos, cuya titularidad corresponde a ARE\u00d1OS, \n  SA.<\/p><\/blockquote>\n\n\n\n<blockquote class=\"wp-block-quote\"><p>ARE\u00d1OS, S.A. ha \n  adoptado los niveles de seguridad adecuados a los datos que se facilitan y, \n  adem\u00e1s, se han instalado todos los medios y medidas t\u00e9cnicas a su alcance para \n  evitar la p\u00e9rdida, mal uso, alteraci\u00f3n, acceso no autorizado y robo de los \n  datos que nos facilitan. El usuario podr\u00e1, en todo momento, ejercitar los \n  derechos reconocidos en la LOPD de acceso, rectificaci\u00f3n, cancelaci\u00f3n y \n  oposici\u00f3n.<\/p><\/blockquote>\n\n\n\n<h4><em>VARIOS<\/em><\/h4>\n\n\n\n<blockquote class=\"wp-block-quote\"><p>ARE\u00d1OS, S.A se compromete a trav\u00e9s de este medio a No Realizar Publicidad Enga\u00f1osa. A estos efectos, por lo tanto, no ser\u00e1n considerados como publicidad enga\u00f1osa los errores formales o num\u00e9ricos que puedan encontrarse a lo largo del contenido de las distintas secciones de esta web, producidos como consecuencia de un mantenimiento y\/o actualizaci\u00f3n incompleta o defectuosa de la informaci\u00f3n contenida en estas secciones. ARE\u00d1OS, SA. se compromete a corregirlo tan pronto como tenga conocimiento de dichos errores. <br\/>ARE\u00d1OS S.A. solo pretende ofrecer informaci\u00f3n actualizada y precisa sobre los productos que comercializa, sin embargo, los cat\u00e1logos publicados una vez impresos no est\u00e1n sujetos al Proceso de Control de la Documentaci\u00f3n.<\/p><\/blockquote>\n\n\n\n<blockquote class=\"wp-block-quote\"><p>\nARE\u00d1OS \n  S.A. No garantiza de ning\u00fan modo la aplicabilidad y funcionamiento \n  interrumpido de los servicios que pudiera ofrecer a trav\u00e9s de este sitio web.\n\n<\/p><\/blockquote>\n\n\n\n<blockquote class=\"wp-block-quote\"><p>\nARE\u00d1OS, \n  S.A. podr\u00e1 modificar, sin previo aviso, la informaci\u00f3n contenida en este sitio \n  web, as\u00ed como su configuraci\u00f3n y presentaci\u00f3n.\n\n<\/p><\/blockquote>\n\n\n\n<blockquote class=\"wp-block-quote\"><p>\nLa \n  informaci\u00f3n publicada, est\u00e1 exclusivamente destinada a profesionales de la \n  salud y no debe ser considerada o interpretada, bajo ning\u00fan concepto, como \n  consejo m\u00e9dico.\n\n<\/p><\/blockquote>\n\n\n\n<blockquote class=\"wp-block-quote\"><p>\nARE\u00d1OS \n  S.A no incluye publicidad de terceros en este sitio web.\n\n<\/p><\/blockquote>\n\n\n\n<blockquote class=\"wp-block-quote\"><p>\nARE\u00d1OS, S.A. se compromete a No Remitir Comunicaciones Comerciales Sin \n  Identificarlas como tales, conforme a los dispuesto en la Ley 34\/2002 de \n  Servicios de la Sociedad de la Informaci\u00f3n y de Comercio Electr\u00f3nico. A estos \n  efectos no ser\u00e1 considerado como comunicaci\u00f3n comercial toda la informaci\u00f3n \n  que se env\u00ede a los clientes de ARE\u00d1OS, S.A., siempre que tenga por \n  finalidad el mantenimiento de la relaci\u00f3n contractual existente entre cliente \n  y ARE\u00d1OS, S.A., as\u00ed como el desempe\u00f1o de las tareas de informaci\u00f3n, \n  formaci\u00f3n y otras actividades propias del servicio que el cliente tiene \n  contratado con la empresa.\n\n<\/p><\/blockquote>\n\n\n\n<blockquote class=\"wp-block-quote\"><p>\nARE\u00d1OS, S.A. no se hace responsable del incumplimiento de cualquier norma \n  aplicable en que pueda incurrir el usuario en su acceso al presente sitio web \n  y\/o el uso de las informaciones contenidas en el mismo.\n\n<\/p><\/blockquote>\n\n\n\n<blockquote class=\"wp-block-quote\"><p>\nARE\u00d1OS,S.A no sera responsable de los da\u00f1os y perjuicios producidos o que \n  puedan producirse, cualquiera que sea su naturaleza, que se deriven del uso de \n  la informaci\u00f3n, de las materias contenidad en esta web. Tampoco ser\u00e1 \n  responsable de uso ilegitimo que terceras personas puedan hacer de los nombres \n  de la marca, nombres de producto, marcas comerciales que, no siendo propiedad \n  de dicha entidad, aparezcan en el presente sitio web.\n\n<\/p><\/blockquote>\n\n\n\n<blockquote class=\"wp-block-quote\"><p>\nEn \n  definitiva, el usurario es el \u00fanico responsable del uso que realice de los \n  servicios, contenidos e hipertexto incluidos en el presente sitio web.\n\n<\/p><\/blockquote>\n","protected":false},"excerpt":{"rendered":"<p>Aviso Legal PROPIEDAD INTELECTUAL Todos los contenidos, elementos e informaci\u00f3n a los que el usuario pueda acceder a trav\u00e9s del portal est\u00e1n sujetos a derechos de propiedad industrial e intelectual a favor de ARE\u00d1OS, S.A. El acceso a dichos contenidos o elementos a trav\u00e9s del los servicios del portal no [&hellip;]<\/p>\n","protected":false},"author":2,"featured_media":0,"parent":0,"menu_order":0,"comment_status":"closed","ping_status":"closed","template":"","meta":[],"_links":{"self":[{"href":"https:\/\/arenos.es\/index.php?rest_route=\/wp\/v2\/pages\/524"}],"collection":[{"href":"https:\/\/arenos.es\/index.php?rest_route=\/wp\/v2\/pages"}],"about":[{"href":"https:\/\/arenos.es\/index.php?rest_route=\/wp\/v2\/types\/page"}],"author":[{"embeddable":true,"href":"https:\/\/arenos.es\/index.php?rest_route=\/wp\/v2\/users\/2"}],"replies":[{"embeddable":true,"href":"https:\/\/arenos.es\/index.php?rest_route=%2Fwp%2Fv2%2Fcomments&post=524"}],"version-history":[{"count":3,"href":"https:\/\/arenos.es\/index.php?rest_route=\/wp\/v2\/pages\/524\/revisions"}],"predecessor-version":[{"id":636,"href":"https:\/\/arenos.es\/index.php?rest_route=\/wp\/v2\/pages\/524\/revisions\/636"}],"wp:attachment":[{"href":"https:\/\/arenos.es\/index.php?rest_route=%2Fwp%2Fv2%2Fmedia&parent=524"}],"curies":[{"name":"wp","href":"https:\/\/api.w.org\/{rel}","templated":true}]}}