{"id":102,"date":"2018-10-08T07:38:13","date_gmt":"2018-10-08T07:38:13","guid":{"rendered":"https:\/\/arenossa.novanet.com.es\/?page_id=102"},"modified":"2019-09-17T11:59:22","modified_gmt":"2019-09-17T11:59:22","slug":"inicio","status":"publish","type":"page","link":"https:\/\/arenos.es\/","title":{"rendered":"Comercializaci\u00f3n de toda clase de productos y aparatos m\u00e9dicos"},"content":{"rendered":"<p><strong>Are\u00f1os, S.A.<\/strong> fu\u00e9 fundada en el a\u00f1o 1986, siendo su objeto social: \u00abComercializaci\u00f3n de toda clase de productos y aparatos m\u00e9dicos\u00bb Dispone de la m\u00e1s completa gama de productos para diferentes especialidades m\u00e9dicas: Rehabilitaci\u00f3n, Radiolog\u00eda, Ginecolog\u00eda. Dedicamos el m\u00e1ximo esfuerzo en proveer a nuestros Clientes de productos y servicios de la m\u00e1xima calidad, avalados por m\u00e1s de 25 a\u00f1os de experiencia en este Sector.<\/p>\n<p><!-- \/wp:paragraph --><\/p>\n<p><!-- wp:paragraph {\"className\":\"texto1\"} --><\/p>\n<p class=\"texto1\"><!-- \/wp:paragraph --><\/p>\n\n<!-- wp:paragraph -->\n<p><\/p>\n<!-- \/wp:paragraph -->","protected":false},"excerpt":{"rendered":"<p>Are\u00f1os, S.A. fu\u00e9 fundada en el a\u00f1o 1986, siendo su objeto social: \u00abComercializaci\u00f3n de toda clase de productos y aparatos m\u00e9dicos\u00bb Dispone de la m\u00e1s completa gama de productos para diferentes especialidades m\u00e9dicas: Rehabilitaci\u00f3n, Radiolog\u00eda, Ginecolog\u00eda. Dedicamos el m\u00e1ximo esfuerzo en proveer a nuestros Clientes de productos y servicios de [&hellip;]<\/p>\n","protected":false},"author":2,"featured_media":0,"parent":0,"menu_order":0,"comment_status":"closed","ping_status":"closed","template":"","meta":[],"_links":{"self":[{"href":"https:\/\/arenos.es\/index.php?rest_route=\/wp\/v2\/pages\/102"}],"collection":[{"href":"https:\/\/arenos.es\/index.php?rest_route=\/wp\/v2\/pages"}],"about":[{"href":"https:\/\/arenos.es\/index.php?rest_route=\/wp\/v2\/types\/page"}],"author":[{"embeddable":true,"href":"https:\/\/arenos.es\/index.php?rest_route=\/wp\/v2\/users\/2"}],"replies":[{"embeddable":true,"href":"https:\/\/arenos.es\/index.php?rest_route=%2Fwp%2Fv2%2Fcomments&post=102"}],"version-history":[{"count":45,"href":"https:\/\/arenos.es\/index.php?rest_route=\/wp\/v2\/pages\/102\/revisions"}],"predecessor-version":[{"id":1053,"href":"https:\/\/arenos.es\/index.php?rest_route=\/wp\/v2\/pages\/102\/revisions\/1053"}],"wp:attachment":[{"href":"https:\/\/arenos.es\/index.php?rest_route=%2Fwp%2Fv2%2Fmedia&parent=102"}],"curies":[{"name":"wp","href":"https:\/\/api.w.org\/{rel}","templated":true}]}}